{"id":4531,"date":"2022-04-21T15:23:09","date_gmt":"2022-04-21T15:23:09","guid":{"rendered":"https:\/\/arquetipo-influence.com\/declaracio-daccessibilitat\/"},"modified":"2023-12-18T08:55:53","modified_gmt":"2023-12-18T08:55:53","slug":"declaracio-daccessibilitat","status":"publish","type":"page","link":"https:\/\/arquetipo-influence.com\/va\/declaracio-daccessibilitat\/","title":{"rendered":"Declaraci\u00f3 d&#8217;accessibilitat"},"content":{"rendered":"\t\t<div data-elementor-type=\"wp-page\" data-elementor-id=\"4531\" class=\"elementor elementor-4531\">\n\t\t\t\t\t\t<section class=\"elementor-section elementor-top-section elementor-element elementor-element-5d201a9b elementor-section-boxed elementor-section-height-default elementor-section-height-default\" data-id=\"5d201a9b\" data-element_type=\"section\" data-e-type=\"section\">\n\t\t\t\t\t\t<div class=\"elementor-container elementor-column-gap-default\">\n\t\t\t\t\t<div class=\"elementor-column elementor-col-100 elementor-top-column elementor-element elementor-element-3a6d7f41\" data-id=\"3a6d7f41\" data-element_type=\"column\" data-e-type=\"column\">\n\t\t\t<div class=\"elementor-widget-wrap elementor-element-populated\">\n\t\t\t\t\t\t<div class=\"elementor-element elementor-element-2f8d271d elementor-widget elementor-widget-text-editor\" data-id=\"2f8d271d\" data-element_type=\"widget\" data-e-type=\"widget\" data-widget_type=\"text-editor.default\">\n\t\t\t\t<div class=\"elementor-widget-container\">\n\t\t\t\t\t\t\t\t\t<p><\/p>\n<p><span style=\"font-size: 30pt;\"><span style=\"font-family: helvetica-l;\">Declaraci\u00f3 d\u2019Accessibilitat<\/span><\/span><\/p>\n<p><\/p>\t\t\t\t\t\t\t\t<\/div>\n\t\t\t\t<\/div>\n\t\t\t\t<div class=\"elementor-element elementor-element-d14dfa2 elementor-widget elementor-widget-text-editor\" data-id=\"d14dfa2\" data-element_type=\"widget\" data-e-type=\"widget\" data-widget_type=\"text-editor.default\">\n\t\t\t\t<div class=\"elementor-widget-container\">\n\t\t\t\t\t\t\t\t\t<p><\/p>\n<p>ARQUETIPO INFLUENCE S.L. s\u2019ha comprom\u00e8s a fer accessibles els seus llocs web de conformitat amb el Reial decret 1112\/2018, de 7 de setembre, sobre accessibilitat dels llocs web i aplicacions per a dispositius m\u00f2bils del sector p\u00fablic (d\u2019ara endavant, Reial decret 1112\/2018, de 7 de setembre).<\/p>\n<p>\u00a0<\/p>\n<p><strong>Situaci\u00f3 de compliment<\/strong><\/p>\n<p>\u00a0<\/p>\n<p>Este lloc web \u00e9s plenament conforme amb el Reial decret 1112\/2018, de 7 de setembre, degut a la manca de conformitat dels aspectes que s\u2019indiquen a continuaci\u00f3.<\/p>\n<p>\u00a0<\/p>\n<p><strong>Contingut no accessible<\/strong><\/p>\n<p>\u00a0<\/p>\n<p>Si es tracta d\u2019un opensource, hi ha certes limitacions a l\u2019hora d\u2019adaptar m\u00f2duls de tercers. Afegim un connector d\u2019accessibilitat per resoldre els inconvenients que aix\u00f2 puga ocasionar.<\/p>\n<p>\u00a0<\/p>\n<p><strong>Preparaci\u00f3 d\u2019esta declaraci\u00f3 d\u2019accessibilitat<\/strong><\/p>\n<p>\u00a0<\/p>\n<p>Esta declaraci\u00f3 d\u2019accessibilitat s\u2019aplica al lloc web www.arquetipo-influence.com<\/p>\n<p>\u00a0<\/p>\n<p>Esta declaraci\u00f3 va ser preparada el 14 dabril de 2023.<\/p>\n<p>\u00a0<\/p>\n<p>El m\u00e8tode emprat per preparar la declaraci\u00f3 ha estat una autoavaluaci\u00f3 duta a terme pels programadors del lloc web.<\/p>\n<p>\u00a0<\/p>\n<p>\u00daltima revisi\u00f3 de la declaraci\u00f3: 14 d\u2019abril del 2023.<\/p>\n<p>\u00a0<\/p>\n<p><strong>Observacions i dades de contacte<\/strong><\/p>\n<p>\u00a0<\/p>\n<p>Podeu realitzar comunicacions sobre requisits d\u2019accessibilitat (article 10.2.a) del Reial decret 1112\/2018, de 7 de setembre com, per exemple:<\/p>\n<p>\u00a0<\/p>\n<p>Informar sobre qualsevol possible incompliment per part daquest lloc web.<\/p>\n<p>Transmetre altres dificultats dacc\u00e9s al contingut.<\/p>\n<p>Formular qualsevol altra consulta o suggeriment de millora relativa a l\u2019accessibilitat del lloc web.<\/p>\n<p>\u00a0<\/p>\n<p>A trav\u00e9s de les vies seg\u00fcents:<\/p>\n<p>\u00a0<\/p>\n<p>Correu electr\u00f2nic: info@arquetipo-influence.com<\/p>\n<p>Tel\u00e8fon: 963 27 05 77<\/p>\n<p>\u00a0<\/p>\n<p>Les comunicacions seran rebudes i tractades per ARQUETIPO INFLUENCE S.L. , com a unitat responsable dels continguts d\u2019aquest lloc web.<\/p>\n<p>\u00a0<\/p>\n<p>Tamb\u00e9 podeu sol\u00b7licitar en format accessible informaci\u00f3 que no complisca amb els requisits d\u2019accessibilitat, b\u00e9 per estar exclosa, b\u00e9 per estar exempta per c\u00e0rrega desproporcionada; o formular una queixa per incompliment dels requisits d\u2019accessibilitat a trav\u00e9s del nostre formulari de contacte www.arquetipo-influence.com\/contacto<\/p>\n<p>\u00a0<\/p>\n<p>\u00a0<\/p>\n<p><strong>Procediment d\u2019aplicaci\u00f3<\/strong><\/p>\n<p>\u00a0<\/p>\n<p>A trav\u00e9s d\u2019aquest procediment podreu iniciar una reclamaci\u00f3 per con\u00e8ixer i oposar-vos als motius de la desestimaci\u00f3 d\u2019una sol\u00b7licitud d\u2019informaci\u00f3 accessible o queixa, instar l\u2019adopci\u00f3 de les mesures oportunes en cas de no estar d\u2019acord amb la decisi\u00f3 adoptada, o exposar les raons per les quals es considera que la resposta no compleix els requisits exigits. Tot aix\u00f2 a trav\u00e9s del nostre formulari de contacte www.arquetipo-influence.com<\/p>\n<p>\u00a0<\/p>\n<p>La versi\u00f3 actualment visible d\u2019aquest lloc web \u00e9s d\u2019abril del 2023 i en aquesta data es va fer la revisi\u00f3 del nivell d\u2019accessibilitat vigent en aquell moment.<\/p>\n<p>Podeu consultar a la p\u00e0gina d\u2019Av\u00eds Legal per a quins navegadors i versions est\u00e0 optimitzat aquest lloc web ARQUETIPO INFLUENCE S.L.<\/p>\n<p><\/p>\t\t\t\t\t\t\t\t<\/div>\n\t\t\t\t<\/div>\n\t\t\t\t\t<\/div>\n\t\t<\/div>\n\t\t\t\t\t<\/div>\n\t\t<\/section>\n\t\t\t\t<\/div>\n\t\t","protected":false},"excerpt":{"rendered":"<p>Declaraci\u00f3 d\u2019Accessibilitat ARQUETIPO INFLUENCE S.L. s\u2019ha comprom\u00e8s a fer accessibles els seus llocs web de conformitat amb el Reial decret 1112\/2018, de 7 de [&hellip;]<\/p>\n","protected":false},"author":1,"featured_media":0,"parent":0,"menu_order":0,"comment_status":"closed","ping_status":"closed","template":"elementor_header_footer","meta":{"footnotes":""},"class_list":["post-4531","page","type-page","status-publish","hentry"],"acf":{"full_width":false,"header_transparent":false},"yoast_head":"<!-- This site is optimized with the Yoast SEO plugin v27.5 - https:\/\/yoast.com\/product\/yoast-seo-wordpress\/ -->\n<title>Declaraci\u00f3 d&#039;accessibilitat - Arquetipo<\/title>\n<meta name=\"robots\" content=\"index, follow, max-snippet:-1, max-image-preview:large, max-video-preview:-1\" \/>\n<link rel=\"canonical\" href=\"https:\/\/arquetipo-influence.com\/va\/declaracio-daccessibilitat\/\" \/>\n<meta property=\"og:locale\" content=\"en_US\" \/>\n<meta property=\"og:type\" content=\"article\" \/>\n<meta property=\"og:title\" content=\"Declaraci\u00f3 d&#039;accessibilitat - Arquetipo\" \/>\n<meta property=\"og:description\" content=\"Declaraci\u00f3 d\u2019Accessibilitat ARQUETIPO INFLUENCE S.L. s\u2019ha comprom\u00e8s a fer accessibles els seus llocs web de conformitat amb el Reial decret 1112\/2018, de 7 de [&hellip;]\" \/>\n<meta property=\"og:url\" content=\"https:\/\/arquetipo-influence.com\/va\/declaracio-daccessibilitat\/\" \/>\n<meta property=\"og:site_name\" content=\"Arquetipo\" \/>\n<meta property=\"article:publisher\" content=\"https:\/\/www.facebook.com\/arquetipoinfluence\" \/>\n<meta property=\"article:modified_time\" content=\"2023-12-18T08:55:53+00:00\" \/>\n<meta property=\"og:image\" content=\"https:\/\/arquetipo-influence.com\/wp-content\/uploads\/2023\/04\/ArquetipoSEO-1.jpg\" \/>\n\t<meta property=\"og:image:width\" content=\"1200\" \/>\n\t<meta property=\"og:image:height\" content=\"675\" \/>\n\t<meta property=\"og:image:type\" content=\"image\/jpeg\" \/>\n<meta name=\"twitter:card\" content=\"summary_large_image\" \/>\n<meta name=\"twitter:label1\" content=\"Est. reading time\" \/>\n\t<meta name=\"twitter:data1\" content=\"2 minutes\" \/>\n<script type=\"application\/ld+json\" class=\"yoast-schema-graph\">{\"@context\":\"https:\\\/\\\/schema.org\",\"@graph\":[{\"@type\":\"WebPage\",\"@id\":\"https:\\\/\\\/arquetipo-influence.com\\\/va\\\/declaracio-daccessibilitat\\\/\",\"url\":\"https:\\\/\\\/arquetipo-influence.com\\\/va\\\/declaracio-daccessibilitat\\\/\",\"name\":\"Declaraci\u00f3 d'accessibilitat - Arquetipo\",\"isPartOf\":{\"@id\":\"https:\\\/\\\/arquetipo-influence.com\\\/va\\\/#website\"},\"datePublished\":\"2022-04-21T15:23:09+00:00\",\"dateModified\":\"2023-12-18T08:55:53+00:00\",\"breadcrumb\":{\"@id\":\"https:\\\/\\\/arquetipo-influence.com\\\/va\\\/declaracio-daccessibilitat\\\/#breadcrumb\"},\"inLanguage\":\"va\",\"potentialAction\":[{\"@type\":\"ReadAction\",\"target\":[\"https:\\\/\\\/arquetipo-influence.com\\\/va\\\/declaracio-daccessibilitat\\\/\"]}]},{\"@type\":\"BreadcrumbList\",\"@id\":\"https:\\\/\\\/arquetipo-influence.com\\\/va\\\/declaracio-daccessibilitat\\\/#breadcrumb\",\"itemListElement\":[{\"@type\":\"ListItem\",\"position\":1,\"name\":\"Portada\",\"item\":\"https:\\\/\\\/arquetipo-influence.com\\\/va\\\/\"},{\"@type\":\"ListItem\",\"position\":2,\"name\":\"Declaraci\u00f3 d&#8217;accessibilitat\"}]},{\"@type\":\"WebSite\",\"@id\":\"https:\\\/\\\/arquetipo-influence.com\\\/va\\\/#website\",\"url\":\"https:\\\/\\\/arquetipo-influence.com\\\/va\\\/\",\"name\":\"Arquetipo\",\"description\":\"Agencia de publicidad en Valencia. Descubre una nueva forma de ver la comunicaci\u00f3n\",\"publisher\":{\"@id\":\"https:\\\/\\\/arquetipo-influence.com\\\/va\\\/#organization\"},\"potentialAction\":[{\"@type\":\"SearchAction\",\"target\":{\"@type\":\"EntryPoint\",\"urlTemplate\":\"https:\\\/\\\/arquetipo-influence.com\\\/va\\\/?s={search_term_string}\"},\"query-input\":{\"@type\":\"PropertyValueSpecification\",\"valueRequired\":true,\"valueName\":\"search_term_string\"}}],\"inLanguage\":\"va\"},{\"@type\":\"Organization\",\"@id\":\"https:\\\/\\\/arquetipo-influence.com\\\/va\\\/#organization\",\"name\":\"Arquetipo Influence S.L.\",\"url\":\"https:\\\/\\\/arquetipo-influence.com\\\/va\\\/\",\"logo\":{\"@type\":\"ImageObject\",\"inLanguage\":\"va\",\"@id\":\"https:\\\/\\\/arquetipo-influence.com\\\/va\\\/#\\\/schema\\\/logo\\\/image\\\/\",\"url\":\"https:\\\/\\\/arquetipo-influence.com\\\/wp-content\\\/uploads\\\/2023\\\/04\\\/ArquetipoLOGOSEO.jpg\",\"contentUrl\":\"https:\\\/\\\/arquetipo-influence.com\\\/wp-content\\\/uploads\\\/2023\\\/04\\\/ArquetipoLOGOSEO.jpg\",\"width\":696,\"height\":696,\"caption\":\"Arquetipo Influence S.L.\"},\"image\":{\"@id\":\"https:\\\/\\\/arquetipo-influence.com\\\/va\\\/#\\\/schema\\\/logo\\\/image\\\/\"},\"sameAs\":[\"https:\\\/\\\/www.facebook.com\\\/arquetipoinfluence\",\"https:\\\/\\\/www.instagram.com\\\/arquetipoinfluence\"]}]}<\/script>\n<!-- \/ Yoast SEO plugin. -->","yoast_head_json":{"title":"Declaraci\u00f3 d'accessibilitat - Arquetipo","robots":{"index":"index","follow":"follow","max-snippet":"max-snippet:-1","max-image-preview":"max-image-preview:large","max-video-preview":"max-video-preview:-1"},"canonical":"https:\/\/arquetipo-influence.com\/va\/declaracio-daccessibilitat\/","og_locale":"en_US","og_type":"article","og_title":"Declaraci\u00f3 d'accessibilitat - Arquetipo","og_description":"Declaraci\u00f3 d\u2019Accessibilitat ARQUETIPO INFLUENCE S.L. s\u2019ha comprom\u00e8s a fer accessibles els seus llocs web de conformitat amb el Reial decret 1112\/2018, de 7 de [&hellip;]","og_url":"https:\/\/arquetipo-influence.com\/va\/declaracio-daccessibilitat\/","og_site_name":"Arquetipo","article_publisher":"https:\/\/www.facebook.com\/arquetipoinfluence","article_modified_time":"2023-12-18T08:55:53+00:00","og_image":[{"width":1200,"height":675,"url":"https:\/\/arquetipo-influence.com\/wp-content\/uploads\/2023\/04\/ArquetipoSEO-1.jpg","type":"image\/jpeg"}],"twitter_card":"summary_large_image","twitter_misc":{"Est. reading time":"2 minutes"},"schema":{"@context":"https:\/\/schema.org","@graph":[{"@type":"WebPage","@id":"https:\/\/arquetipo-influence.com\/va\/declaracio-daccessibilitat\/","url":"https:\/\/arquetipo-influence.com\/va\/declaracio-daccessibilitat\/","name":"Declaraci\u00f3 d'accessibilitat - Arquetipo","isPartOf":{"@id":"https:\/\/arquetipo-influence.com\/va\/#website"},"datePublished":"2022-04-21T15:23:09+00:00","dateModified":"2023-12-18T08:55:53+00:00","breadcrumb":{"@id":"https:\/\/arquetipo-influence.com\/va\/declaracio-daccessibilitat\/#breadcrumb"},"inLanguage":"va","potentialAction":[{"@type":"ReadAction","target":["https:\/\/arquetipo-influence.com\/va\/declaracio-daccessibilitat\/"]}]},{"@type":"BreadcrumbList","@id":"https:\/\/arquetipo-influence.com\/va\/declaracio-daccessibilitat\/#breadcrumb","itemListElement":[{"@type":"ListItem","position":1,"name":"Portada","item":"https:\/\/arquetipo-influence.com\/va\/"},{"@type":"ListItem","position":2,"name":"Declaraci\u00f3 d&#8217;accessibilitat"}]},{"@type":"WebSite","@id":"https:\/\/arquetipo-influence.com\/va\/#website","url":"https:\/\/arquetipo-influence.com\/va\/","name":"Arquetipo","description":"Agencia de publicidad en Valencia. Descubre una nueva forma de ver la comunicaci\u00f3n","publisher":{"@id":"https:\/\/arquetipo-influence.com\/va\/#organization"},"potentialAction":[{"@type":"SearchAction","target":{"@type":"EntryPoint","urlTemplate":"https:\/\/arquetipo-influence.com\/va\/?s={search_term_string}"},"query-input":{"@type":"PropertyValueSpecification","valueRequired":true,"valueName":"search_term_string"}}],"inLanguage":"va"},{"@type":"Organization","@id":"https:\/\/arquetipo-influence.com\/va\/#organization","name":"Arquetipo Influence S.L.","url":"https:\/\/arquetipo-influence.com\/va\/","logo":{"@type":"ImageObject","inLanguage":"va","@id":"https:\/\/arquetipo-influence.com\/va\/#\/schema\/logo\/image\/","url":"https:\/\/arquetipo-influence.com\/wp-content\/uploads\/2023\/04\/ArquetipoLOGOSEO.jpg","contentUrl":"https:\/\/arquetipo-influence.com\/wp-content\/uploads\/2023\/04\/ArquetipoLOGOSEO.jpg","width":696,"height":696,"caption":"Arquetipo Influence S.L."},"image":{"@id":"https:\/\/arquetipo-influence.com\/va\/#\/schema\/logo\/image\/"},"sameAs":["https:\/\/www.facebook.com\/arquetipoinfluence","https:\/\/www.instagram.com\/arquetipoinfluence"]}]}},"_links":{"self":[{"href":"https:\/\/arquetipo-influence.com\/va\/wp-json\/wp\/v2\/pages\/4531","targetHints":{"allow":["GET"]}}],"collection":[{"href":"https:\/\/arquetipo-influence.com\/va\/wp-json\/wp\/v2\/pages"}],"about":[{"href":"https:\/\/arquetipo-influence.com\/va\/wp-json\/wp\/v2\/types\/page"}],"author":[{"embeddable":true,"href":"https:\/\/arquetipo-influence.com\/va\/wp-json\/wp\/v2\/users\/1"}],"replies":[{"embeddable":true,"href":"https:\/\/arquetipo-influence.com\/va\/wp-json\/wp\/v2\/comments?post=4531"}],"version-history":[{"count":3,"href":"https:\/\/arquetipo-influence.com\/va\/wp-json\/wp\/v2\/pages\/4531\/revisions"}],"predecessor-version":[{"id":4537,"href":"https:\/\/arquetipo-influence.com\/va\/wp-json\/wp\/v2\/pages\/4531\/revisions\/4537"}],"wp:attachment":[{"href":"https:\/\/arquetipo-influence.com\/va\/wp-json\/wp\/v2\/media?parent=4531"}],"curies":[{"name":"wp","href":"https:\/\/api.w.org\/{rel}","templated":true}]}}