{"id":4501,"date":"2023-04-14T15:16:13","date_gmt":"2023-04-14T15:16:13","guid":{"rendered":"https:\/\/arquetipo-influence.com\/politica-de-privadesa\/"},"modified":"2026-01-16T09:47:38","modified_gmt":"2026-01-16T09:47:38","slug":"politica-de-privadesa","status":"publish","type":"page","link":"https:\/\/arquetipo-influence.com\/va\/politica-de-privadesa\/","title":{"rendered":"Pol\u00edtica de Privacitat"},"content":{"rendered":"\t\t<div data-elementor-type=\"wp-page\" data-elementor-id=\"4501\" class=\"elementor elementor-4501\">\n\t\t\t\t\t\t<section class=\"elementor-section elementor-top-section elementor-element elementor-element-5d201a9b elementor-section-boxed elementor-section-height-default elementor-section-height-default\" data-id=\"5d201a9b\" data-element_type=\"section\" data-e-type=\"section\">\n\t\t\t\t\t\t<div class=\"elementor-container elementor-column-gap-default\">\n\t\t\t\t\t<div class=\"elementor-column elementor-col-100 elementor-top-column elementor-element elementor-element-3a6d7f41\" data-id=\"3a6d7f41\" data-element_type=\"column\" data-e-type=\"column\">\n\t\t\t<div class=\"elementor-widget-wrap elementor-element-populated\">\n\t\t\t\t\t\t<div class=\"elementor-element elementor-element-1867b0c elementor-widget elementor-widget-text-editor\" data-id=\"1867b0c\" data-element_type=\"widget\" data-e-type=\"widget\" data-widget_type=\"text-editor.default\">\n\t\t\t\t<div class=\"elementor-widget-container\">\n\t\t\t\t\t\t\t\t\t<p><\/p>\n<p><span style=\"font-size: 30pt;\"><span style=\"font-family: helvetica-l;\">Pol\u00edtica de Privacitat<\/span><\/span><\/p>\n<p><\/p>\t\t\t\t\t\t\t\t<\/div>\n\t\t\t\t<\/div>\n\t\t\t\t<div class=\"elementor-element elementor-element-2f8d271d elementor-widget elementor-widget-text-editor\" data-id=\"2f8d271d\" data-element_type=\"widget\" data-e-type=\"widget\" data-widget_type=\"text-editor.default\">\n\t\t\t\t<div class=\"elementor-widget-container\">\n\t\t\t\t\t\t\t\t\t<p>ARQUETIPO INFLUENCE, S.L. amb CIF: B98701873 (d&#8217;ara endavant, \u201cARQUETIPO\u201d) \u00e9s la responsable del tractament de les seues dades personals. En esta pol\u00edtica de privacitat es facilita la informaci\u00f3 sobre l&#8217;\u00fas que ARQUETIPO realitzar\u00e0 de les vostres dades personals com a usuari de la web <a href=\"https:\/\/arquetipo-influence.com\/\">arquetipo-influence.com<\/a><\/p>\n<p><\/p>\n<p>En compliment del que disposa el Reglament General de Protecci\u00f3 de Dades (d&#8217;ara endavant, \u201cRGPD\u201d), se li comunica que:<\/p>\n<p>Les dades personals facilitades per vost\u00e8 a trav\u00e9s d&#8217;aquesta web, s&#8217;incorporaran a un fitxer titularitat d&#8217;Arquetipo Influence, SL, degudament inscrit al Registre General de Protecci\u00f3 de Dades. La finalitat del fitxer \u00e9s la gesti\u00f3 dels usuaris de <a href=\"https:\/\/arquetipo-influence.com\/\">www.arquetipo-influence.com<\/a> i gestionar les consultes realitzades a trav\u00e9s del q\u00fcestionari que es troba al Lloc Web. Estes dades es mantindran inscrites en este fitxer fins a la resoluci\u00f3 de la informaci\u00f3 sol\u00b7licitada.<\/p>\n<p>Vost\u00e9 garanteix que les dades aportades s\u00f3n vertaderes, exactes, completes i actualitzades, sent responsable de qualsevol dany o perjudici, directe o indirecte, que pogu\u00e9s ocasionar-se com a conseq\u00fc\u00e8ncia de l&#8217;incompliment de tal obligaci\u00f3. En el cas que les dades aportades pertanyen a un tercer, vost\u00e9 garanteix que ha informat el tercer dels aspectes continguts en aquest document i obtingut la seva autoritzaci\u00f3 per facilitar les seves dades a ARQUETIPO per als fins assenyalats.<\/p>\n<p>En el cas de les dades personals demanades a trav\u00e9s del formulari habilitat a aquest efecte en aquesta web, caldr\u00e0 que aporteu, almenys, aquelles marcades amb un asterisc, ja que si no se subministraren estes dades considerades necess\u00e0ries, ARQUETIPO no podr\u00e0 acceptar i gestionar la consulta formulada.<\/p>\n<p>Per exercitar els drets d&#8217;acc\u00e9s, rectificaci\u00f3, cancel\u00b7laci\u00f3 i oposici\u00f3 sobre les vostres dades, podeu adre\u00e7ar-vos per escrit a l&#8217;adre\u00e7a <span style=\"font-family: helvetica-l; font-size: 16px; font-style: normal; font-variant-ligatures: normal; font-variant-caps: normal; font-weight: 400;\">C\/ Sant Vicente M\u00e1rtir, 208 &#8211; Entresol A \u2013 46007 Val\u00e8ncia<\/span>, adjuntant c\u00f2pia del vostre DNI, o b\u00e9 a trav\u00e9s de la adre\u00e7a de correu electr\u00f2nic <a href=\"mailto:administracion@arquetipo-influence.com\">administracion@arquetipo-influence.com<\/a>, adjuntant tamb\u00e9 c\u00f2pia del seu DNI.<\/p>\n<p>ARQUETIPO adopta els nivells de seguretat requerits pel RGPD adequats a la naturalesa de les dades que s\u00f3n objecte de tractament. No obstant aix\u00f2, la seguretat t\u00e8cnica en un mitj\u00e0 com Internet no \u00e9s inexpugnable i poden existir actuacions doloses de tercers, si b\u00e9 ARQUETIPO posa tots els mitjans al seu abast per evitar estes actuacions.<\/p>\n<p><!-- \/wp:paragraph --><\/p>\t\t\t\t\t\t\t\t<\/div>\n\t\t\t\t<\/div>\n\t\t\t\t\t<\/div>\n\t\t<\/div>\n\t\t\t\t\t<\/div>\n\t\t<\/section>\n\t\t\t\t<\/div>\n\t\t","protected":false},"excerpt":{"rendered":"<p>Pol\u00edtica de Privacitat ARQUETIPO INFLUENCE, S.L. amb CIF: B98701873 (d&#8217;ara endavant, \u201cARQUETIPO\u201d) \u00e9s la responsable del tractament de les seues dades personals. En esta [&hellip;]<\/p>\n","protected":false},"author":1,"featured_media":0,"parent":0,"menu_order":0,"comment_status":"closed","ping_status":"closed","template":"elementor_header_footer","meta":{"footnotes":""},"class_list":["post-4501","page","type-page","status-publish","hentry"],"acf":{"full_width":false,"header_transparent":false},"yoast_head":"<!-- This site is optimized with the Yoast SEO plugin v27.4 - https:\/\/yoast.com\/product\/yoast-seo-wordpress\/ -->\n<title>Pol\u00edtica de Privacitat - Arquetipo<\/title>\n<meta name=\"robots\" content=\"index, follow, max-snippet:-1, max-image-preview:large, max-video-preview:-1\" \/>\n<link rel=\"canonical\" href=\"https:\/\/arquetipo-influence.com\/va\/politica-de-privadesa\/\" \/>\n<meta property=\"og:locale\" content=\"en_US\" \/>\n<meta property=\"og:type\" content=\"article\" \/>\n<meta property=\"og:title\" content=\"Pol\u00edtica de Privacitat - Arquetipo\" \/>\n<meta property=\"og:description\" content=\"Pol\u00edtica de Privacitat ARQUETIPO INFLUENCE, S.L. amb CIF: B98701873 (d&#8217;ara endavant, \u201cARQUETIPO\u201d) \u00e9s la responsable del tractament de les seues dades personals. En esta [&hellip;]\" \/>\n<meta property=\"og:url\" content=\"https:\/\/arquetipo-influence.com\/va\/politica-de-privadesa\/\" \/>\n<meta property=\"og:site_name\" content=\"Arquetipo\" \/>\n<meta property=\"article:publisher\" content=\"https:\/\/www.facebook.com\/arquetipoinfluence\" \/>\n<meta property=\"article:modified_time\" content=\"2026-01-16T09:47:38+00:00\" \/>\n<meta property=\"og:image\" content=\"https:\/\/arquetipo-influence.com\/wp-content\/uploads\/2023\/04\/ArquetipoSEO-1.jpg\" \/>\n\t<meta property=\"og:image:width\" content=\"1200\" \/>\n\t<meta property=\"og:image:height\" content=\"675\" \/>\n\t<meta property=\"og:image:type\" content=\"image\/jpeg\" \/>\n<meta name=\"twitter:card\" content=\"summary_large_image\" \/>\n<meta name=\"twitter:label1\" content=\"Est. reading time\" \/>\n\t<meta name=\"twitter:data1\" content=\"2 minutes\" \/>\n<script type=\"application\/ld+json\" class=\"yoast-schema-graph\">{\"@context\":\"https:\\\/\\\/schema.org\",\"@graph\":[{\"@type\":\"WebPage\",\"@id\":\"https:\\\/\\\/arquetipo-influence.com\\\/va\\\/politica-de-privadesa\\\/\",\"url\":\"https:\\\/\\\/arquetipo-influence.com\\\/va\\\/politica-de-privadesa\\\/\",\"name\":\"Pol\u00edtica de Privacitat - Arquetipo\",\"isPartOf\":{\"@id\":\"https:\\\/\\\/arquetipo-influence.com\\\/va\\\/#website\"},\"datePublished\":\"2023-04-14T15:16:13+00:00\",\"dateModified\":\"2026-01-16T09:47:38+00:00\",\"breadcrumb\":{\"@id\":\"https:\\\/\\\/arquetipo-influence.com\\\/va\\\/politica-de-privadesa\\\/#breadcrumb\"},\"inLanguage\":\"va\",\"potentialAction\":[{\"@type\":\"ReadAction\",\"target\":[\"https:\\\/\\\/arquetipo-influence.com\\\/va\\\/politica-de-privadesa\\\/\"]}]},{\"@type\":\"BreadcrumbList\",\"@id\":\"https:\\\/\\\/arquetipo-influence.com\\\/va\\\/politica-de-privadesa\\\/#breadcrumb\",\"itemListElement\":[{\"@type\":\"ListItem\",\"position\":1,\"name\":\"Portada\",\"item\":\"https:\\\/\\\/arquetipo-influence.com\\\/va\\\/\"},{\"@type\":\"ListItem\",\"position\":2,\"name\":\"Pol\u00edtica de Privacitat\"}]},{\"@type\":\"WebSite\",\"@id\":\"https:\\\/\\\/arquetipo-influence.com\\\/va\\\/#website\",\"url\":\"https:\\\/\\\/arquetipo-influence.com\\\/va\\\/\",\"name\":\"Arquetipo\",\"description\":\"Agencia de publicidad en Valencia. Descubre una nueva forma de ver la comunicaci\u00f3n\",\"publisher\":{\"@id\":\"https:\\\/\\\/arquetipo-influence.com\\\/va\\\/#organization\"},\"potentialAction\":[{\"@type\":\"SearchAction\",\"target\":{\"@type\":\"EntryPoint\",\"urlTemplate\":\"https:\\\/\\\/arquetipo-influence.com\\\/va\\\/?s={search_term_string}\"},\"query-input\":{\"@type\":\"PropertyValueSpecification\",\"valueRequired\":true,\"valueName\":\"search_term_string\"}}],\"inLanguage\":\"va\"},{\"@type\":\"Organization\",\"@id\":\"https:\\\/\\\/arquetipo-influence.com\\\/va\\\/#organization\",\"name\":\"Arquetipo Influence S.L.\",\"url\":\"https:\\\/\\\/arquetipo-influence.com\\\/va\\\/\",\"logo\":{\"@type\":\"ImageObject\",\"inLanguage\":\"va\",\"@id\":\"https:\\\/\\\/arquetipo-influence.com\\\/va\\\/#\\\/schema\\\/logo\\\/image\\\/\",\"url\":\"https:\\\/\\\/arquetipo-influence.com\\\/wp-content\\\/uploads\\\/2023\\\/04\\\/ArquetipoLOGOSEO.jpg\",\"contentUrl\":\"https:\\\/\\\/arquetipo-influence.com\\\/wp-content\\\/uploads\\\/2023\\\/04\\\/ArquetipoLOGOSEO.jpg\",\"width\":696,\"height\":696,\"caption\":\"Arquetipo Influence S.L.\"},\"image\":{\"@id\":\"https:\\\/\\\/arquetipo-influence.com\\\/va\\\/#\\\/schema\\\/logo\\\/image\\\/\"},\"sameAs\":[\"https:\\\/\\\/www.facebook.com\\\/arquetipoinfluence\",\"https:\\\/\\\/www.instagram.com\\\/arquetipoinfluence\"]}]}<\/script>\n<!-- \/ Yoast SEO plugin. -->","yoast_head_json":{"title":"Pol\u00edtica de Privacitat - Arquetipo","robots":{"index":"index","follow":"follow","max-snippet":"max-snippet:-1","max-image-preview":"max-image-preview:large","max-video-preview":"max-video-preview:-1"},"canonical":"https:\/\/arquetipo-influence.com\/va\/politica-de-privadesa\/","og_locale":"en_US","og_type":"article","og_title":"Pol\u00edtica de Privacitat - Arquetipo","og_description":"Pol\u00edtica de Privacitat ARQUETIPO INFLUENCE, S.L. amb CIF: B98701873 (d&#8217;ara endavant, \u201cARQUETIPO\u201d) \u00e9s la responsable del tractament de les seues dades personals. En esta [&hellip;]","og_url":"https:\/\/arquetipo-influence.com\/va\/politica-de-privadesa\/","og_site_name":"Arquetipo","article_publisher":"https:\/\/www.facebook.com\/arquetipoinfluence","article_modified_time":"2026-01-16T09:47:38+00:00","og_image":[{"width":1200,"height":675,"url":"https:\/\/arquetipo-influence.com\/wp-content\/uploads\/2023\/04\/ArquetipoSEO-1.jpg","type":"image\/jpeg"}],"twitter_card":"summary_large_image","twitter_misc":{"Est. reading time":"2 minutes"},"schema":{"@context":"https:\/\/schema.org","@graph":[{"@type":"WebPage","@id":"https:\/\/arquetipo-influence.com\/va\/politica-de-privadesa\/","url":"https:\/\/arquetipo-influence.com\/va\/politica-de-privadesa\/","name":"Pol\u00edtica de Privacitat - Arquetipo","isPartOf":{"@id":"https:\/\/arquetipo-influence.com\/va\/#website"},"datePublished":"2023-04-14T15:16:13+00:00","dateModified":"2026-01-16T09:47:38+00:00","breadcrumb":{"@id":"https:\/\/arquetipo-influence.com\/va\/politica-de-privadesa\/#breadcrumb"},"inLanguage":"va","potentialAction":[{"@type":"ReadAction","target":["https:\/\/arquetipo-influence.com\/va\/politica-de-privadesa\/"]}]},{"@type":"BreadcrumbList","@id":"https:\/\/arquetipo-influence.com\/va\/politica-de-privadesa\/#breadcrumb","itemListElement":[{"@type":"ListItem","position":1,"name":"Portada","item":"https:\/\/arquetipo-influence.com\/va\/"},{"@type":"ListItem","position":2,"name":"Pol\u00edtica de Privacitat"}]},{"@type":"WebSite","@id":"https:\/\/arquetipo-influence.com\/va\/#website","url":"https:\/\/arquetipo-influence.com\/va\/","name":"Arquetipo","description":"Agencia de publicidad en Valencia. Descubre una nueva forma de ver la comunicaci\u00f3n","publisher":{"@id":"https:\/\/arquetipo-influence.com\/va\/#organization"},"potentialAction":[{"@type":"SearchAction","target":{"@type":"EntryPoint","urlTemplate":"https:\/\/arquetipo-influence.com\/va\/?s={search_term_string}"},"query-input":{"@type":"PropertyValueSpecification","valueRequired":true,"valueName":"search_term_string"}}],"inLanguage":"va"},{"@type":"Organization","@id":"https:\/\/arquetipo-influence.com\/va\/#organization","name":"Arquetipo Influence S.L.","url":"https:\/\/arquetipo-influence.com\/va\/","logo":{"@type":"ImageObject","inLanguage":"va","@id":"https:\/\/arquetipo-influence.com\/va\/#\/schema\/logo\/image\/","url":"https:\/\/arquetipo-influence.com\/wp-content\/uploads\/2023\/04\/ArquetipoLOGOSEO.jpg","contentUrl":"https:\/\/arquetipo-influence.com\/wp-content\/uploads\/2023\/04\/ArquetipoLOGOSEO.jpg","width":696,"height":696,"caption":"Arquetipo Influence S.L."},"image":{"@id":"https:\/\/arquetipo-influence.com\/va\/#\/schema\/logo\/image\/"},"sameAs":["https:\/\/www.facebook.com\/arquetipoinfluence","https:\/\/www.instagram.com\/arquetipoinfluence"]}]}},"_links":{"self":[{"href":"https:\/\/arquetipo-influence.com\/va\/wp-json\/wp\/v2\/pages\/4501","targetHints":{"allow":["GET"]}}],"collection":[{"href":"https:\/\/arquetipo-influence.com\/va\/wp-json\/wp\/v2\/pages"}],"about":[{"href":"https:\/\/arquetipo-influence.com\/va\/wp-json\/wp\/v2\/types\/page"}],"author":[{"embeddable":true,"href":"https:\/\/arquetipo-influence.com\/va\/wp-json\/wp\/v2\/users\/1"}],"replies":[{"embeddable":true,"href":"https:\/\/arquetipo-influence.com\/va\/wp-json\/wp\/v2\/comments?post=4501"}],"version-history":[{"count":3,"href":"https:\/\/arquetipo-influence.com\/va\/wp-json\/wp\/v2\/pages\/4501\/revisions"}],"predecessor-version":[{"id":5049,"href":"https:\/\/arquetipo-influence.com\/va\/wp-json\/wp\/v2\/pages\/4501\/revisions\/5049"}],"wp:attachment":[{"href":"https:\/\/arquetipo-influence.com\/va\/wp-json\/wp\/v2\/media?parent=4501"}],"curies":[{"name":"wp","href":"https:\/\/api.w.org\/{rel}","templated":true}]}}